{"id":10775,"date":"2016-07-11T06:40:45","date_gmt":"2016-07-11T06:40:45","guid":{"rendered":"http:\/\/wait.roomy.be\/custom-feature-image\/"},"modified":"2023-10-03T14:16:47","modified_gmt":"2023-10-03T12:16:47","slug":"accueil","status":"publish","type":"page","link":"https:\/\/www.roomy.be\/fr\/","title":{"rendered":"Accueil"},"content":{"rendered":"<div class=\"wpb-content-wrapper\"><p>[vc_row padding_top_multiplier=\u00a0\u00bb3x\u00a0\u00bb][vc_column width=\u00a0\u00bb1\/3&Prime;]<div class=\"grve-element grve-box-icon grve-medium grve-top-icon grve-align-center\" style=\"\"><div class=\"grve-wrapper-icon grve-no-shape\" style=\"\"><i class=\"grve-text-primary-1 smp-icon-home\"><\/i><\/div><div class=\"grve-box-content\"><div class=\"grve-box-title-wrapper\"><h3 class=\"grve-box-title grve-h3\">Une colocation<br \/>\nqui rime avec confort<\/h3><\/div>  <p class=\"\">ROOMY, c\u2019est le logement partag\u00e9 id\u00e9al du jeune Bruxellois (ou Bruxellois d\u2019adoption) en d\u00e9but de vie professionnelle. Une grande chambre contemporaine, confortablement meubl\u00e9e, dans un environnement de grande qualit\u00e9. Le tout entour\u00e9 d\u2019autres colocataires partageant le m\u00eame mode de vie et les m\u00eames centres d\u2019int\u00e9r\u00eat.<\/p><\/div><\/div>[\/vc_column][vc_column width=\u00a0\u00bb1\/3&Prime;]<div class=\"grve-element grve-box-icon grve-medium grve-top-icon grve-align-center\" style=\"\"><div class=\"grve-wrapper-icon grve-no-shape\" style=\"\"><i class=\"grve-text-primary-1 smp-icon-people\"><\/i><\/div><div class=\"grve-box-content\"><div class=\"grve-box-title-wrapper\"><h3 class=\"grve-box-title grve-h3\">Intimit\u00e9<br \/>\net convivialit\u00e9<\/h3><\/div>  <p class=\"\">ROOMY, c\u2019est l\u2019intimit\u00e9 de votre chambre avec le plaisir des espaces partag\u00e9s. Une superbe cuisine ultra-moderne et super \u00e9quip\u00e9e, un salon convivial et une salle \u00e0 manger lumineuse pour profiter de la vie entre colocataires! Sans oublier des espaces de stockage individuels et des salles de douche de toute beaut\u00e9.<\/p><\/div><\/div>[\/vc_column][vc_column width=\u00a0\u00bb1\/3&Prime;]<div class=\"grve-element grve-box-icon grve-medium grve-top-icon grve-align-center\" style=\"\"><div class=\"grve-wrapper-icon grve-no-shape\" style=\"\"><i class=\"grve-text-primary-1 smp-icon-diamond\"><\/i><\/div><div class=\"grve-box-content\"><div class=\"grve-box-title-wrapper\"><h3 class=\"grve-box-title grve-h3\">Services exceptionnels\u2026tout compris<\/h3><\/div>  <p class=\"\">ROOMY c\u2019est \u00e9galement une s\u00e9rie de services uniques, \u00e0 la disposition de chacun : wifi haut d\u00e9bit, abonnements Netflix, Deezer, m\u00e9nage hebdomadaire, buanderie avec lave-linge et s\u00e8che-linge\u2026<\/p><\/div><\/div>[\/vc_column][\/vc_row][vc_row][vc_column width=\u00a0\u00bb1\/4&Prime;][\/vc_column][vc_column width=\u00a0\u00bb1\/2&Prime;]<div class=\"grve-element grve-align-center\"><a href=\"\/fr\/maisons\" class=\"grve-btn grve-btn-large grve-extra-round grve-bg-primary-2 grve-bg-hover-primary-1\"><span><i class=\"fa fa-plus-circle\"><\/i>Voir les maisons ROOMY<\/span><\/a><\/div>[\/vc_column][vc_column width=\u00a0\u00bb1\/4&Prime;][\/vc_column][\/vc_row][vc_row section_type=\u00a0\u00bbfullwidth\u00a0\u00bb padding_top_multiplier=\u00a0\u00bb6x\u00a0\u00bb padding_bottom_multiplier=\u00a0\u00bb\u00a0\u00bb columns_gap=\u00a0\u00bb10&Prime;][vc_column width=\u00a0\u00bb1\/5&Prime; tablet_sm_width=\u00a0\u00bb1-3&Prime;]<div class=\"grve-element grve-image grve-align-center\" style=\"\">  <div class=\"grve-image-wrapper\"><img decoding=\"async\" width=\"560\" height=\"747\" src=\"https:\/\/www.roomy.be\/wp-content\/uploads\/2020\/03\/DSC_6751-HDR-560x747.jpg\" class=\"attachment-movedo-grve-small-rect-vertical size-movedo-grve-small-rect-vertical\" alt=\"Entr\u00e9e Roomy Moli\u00e8re\" srcset=\"https:\/\/www.roomy.be\/wp-content\/uploads\/2020\/03\/DSC_6751-HDR-560x747.jpg 560w, https:\/\/www.roomy.be\/wp-content\/uploads\/2020\/03\/DSC_6751-HDR-840x1120.jpg 840w\" sizes=\"(max-width: 560px) 100vw, 560px\" \/>   <\/div><\/div>[\/vc_column][vc_column column_effect=\u00a0\u00bbvertical-parallax\u00a0\u00bb column_effect_limit=\u00a0\u00bbnone\u00a0\u00bb width=\u00a0\u00bb1\/5&Prime; tablet_sm_width=\u00a0\u00bb1-3&Prime;]<div class=\"grve-element grve-image grve-align-center\" style=\"\">  <div class=\"grve-image-wrapper\"><img decoding=\"async\" width=\"560\" height=\"747\" src=\"https:\/\/www.roomy.be\/wp-content\/uploads\/2019\/07\/20190716_Utopix_Immo_Roomy_Seyers-Leo43-560x747.jpg\" class=\"attachment-movedo-grve-small-rect-vertical size-movedo-grve-small-rect-vertical\" alt=\"Terrasse Jardin maison Roomy Bruxelles Anderlecht\" srcset=\"https:\/\/www.roomy.be\/wp-content\/uploads\/2019\/07\/20190716_Utopix_Immo_Roomy_Seyers-Leo43-560x747.jpg 560w, https:\/\/www.roomy.be\/wp-content\/uploads\/2019\/07\/20190716_Utopix_Immo_Roomy_Seyers-Leo43-840x1120.jpg 840w\" sizes=\"(max-width: 560px) 100vw, 560px\" \/>   <\/div><\/div>[\/vc_column][vc_column width=\u00a0\u00bb1\/5&Prime; tablet_sm_width=\u00a0\u00bb1-3&Prime;]<div class=\"grve-element grve-image grve-align-center\" style=\"\">  <div class=\"grve-image-wrapper\"><img decoding=\"async\" width=\"560\" height=\"747\" src=\"https:\/\/www.roomy.be\/wp-content\/uploads\/2018\/07\/roomy-garden-560x747.jpg\" class=\"attachment-movedo-grve-small-rect-vertical size-movedo-grve-small-rect-vertical\" alt=\"Terrasse Jardin Uccle\" srcset=\"https:\/\/www.roomy.be\/wp-content\/uploads\/2018\/07\/roomy-garden-560x747.jpg 560w, https:\/\/www.roomy.be\/wp-content\/uploads\/2018\/07\/roomy-garden-840x1120.jpg 840w\" sizes=\"(max-width: 560px) 100vw, 560px\" \/>   <\/div><\/div>[\/vc_column][vc_column column_effect=\u00a0\u00bbvertical-parallax\u00a0\u00bb column_effect_limit=\u00a0\u00bbnone\u00a0\u00bb width=\u00a0\u00bb1\/5&Prime; tablet_sm_width=\u00a0\u00bbhide\u00a0\u00bb mobile_width=\u00a0\u00bbhide\u00a0\u00bb]<div class=\"grve-element grve-image grve-align-center\" style=\"\">  <div class=\"grve-image-wrapper\"><img decoding=\"async\" width=\"560\" height=\"747\" src=\"https:\/\/www.roomy.be\/wp-content\/uploads\/2019\/07\/20190716_Utopix_Immo_Roomy_Seyers-Leo64-560x747.jpg\" class=\"attachment-movedo-grve-small-rect-vertical size-movedo-grve-small-rect-vertical\" alt=\"Entr\u00e9e maison Roomy Bruxelles Anderlecht\" srcset=\"https:\/\/www.roomy.be\/wp-content\/uploads\/2019\/07\/20190716_Utopix_Immo_Roomy_Seyers-Leo64-560x747.jpg 560w, https:\/\/www.roomy.be\/wp-content\/uploads\/2019\/07\/20190716_Utopix_Immo_Roomy_Seyers-Leo64-840x1120.jpg 840w\" sizes=\"(max-width: 560px) 100vw, 560px\" \/>   <\/div><\/div>[\/vc_column][vc_column width=\u00a0\u00bb1\/5&Prime; tablet_sm_width=\u00a0\u00bbhide\u00a0\u00bb mobile_width=\u00a0\u00bbhide\u00a0\u00bb]<div class=\"grve-element grve-image grve-align-center\" style=\"\">  <div class=\"grve-image-wrapper\"><img decoding=\"async\" width=\"560\" height=\"747\" src=\"https:\/\/www.roomy.be\/wp-content\/uploads\/2018\/07\/roomy-kitchen-dining-room-560x747.jpg\" class=\"attachment-movedo-grve-small-rect-vertical size-movedo-grve-small-rect-vertical\" alt=\"Salle \u00e0 manger maison Roomy Bruxelles Uccle\" srcset=\"https:\/\/www.roomy.be\/wp-content\/uploads\/2018\/07\/roomy-kitchen-dining-room-560x747.jpg 560w, https:\/\/www.roomy.be\/wp-content\/uploads\/2018\/07\/roomy-kitchen-dining-room-840x1120.jpg 840w\" sizes=\"(max-width: 560px) 100vw, 560px\" \/>   <\/div><\/div>[\/vc_column][\/vc_row]<\/p>\n<\/div>","protected":false},"excerpt":{"rendered":"<p>Lorem ipsum dolor sit amet, fierent invidunt eleifend an sea, sea at nonumes deserunt, cum in dictas maiorum consequat. Legere delicata sea eu, vix ei blandit forensibus. Ne qui posse munere molestiae, no has stet dolorum.<\/p>\n","protected":false},"author":1,"featured_media":19603,"parent":0,"menu_order":0,"comment_status":"closed","ping_status":"closed","template":"","meta":{"inline_featured_image":false,"footnotes":""},"class_list":["post-10775","page","type-page","status-publish","has-post-thumbnail","hentry"],"yoast_head":"<!-- This site is optimized with the Yoast SEO Premium plugin v25.5 (Yoast SEO v26.3) - https:\/\/yoast.com\/wordpress\/plugins\/seo\/ -->\n<title>Roomy, votre colocation id\u00e9ale \u00e0 Bruxelles | Uccle - Anderlecht - Forest<\/title>\n<meta name=\"description\" content=\"ROOMY, c\u2019est la colocation id\u00e9ale du jeune Bruxellois. Elle rime avec confort, intimit\u00e9, convivialit\u00e9 et services exceptionnels.\" \/>\n<meta name=\"robots\" content=\"index, follow, max-snippet:-1, max-image-preview:large, max-video-preview:-1\" \/>\n<link rel=\"canonical\" href=\"https:\/\/www.roomy.be\/fr\/\" \/>\n<meta property=\"og:locale\" content=\"fr_FR\" \/>\n<meta property=\"og:type\" content=\"article\" \/>\n<meta property=\"og:title\" content=\"Roomy, la colocation id\u00e9ale \u00e0 Bruxelles | Uccle - Anderlecht - Forest\" \/>\n<meta property=\"og:description\" content=\"ROOMY, c\u2019est la colocation id\u00e9ale du jeune Bruxellois. Elle rime avec confort, intimit\u00e9, convivialit\u00e9 et services exceptionnels.\" \/>\n<meta property=\"og:url\" content=\"https:\/\/www.roomy.be\/fr\/\" \/>\n<meta property=\"og:site_name\" content=\"Roomy\" \/>\n<meta property=\"article:publisher\" content=\"https:\/\/www.facebook.com\/cosycoliving\/\" \/>\n<meta property=\"article:modified_time\" content=\"2023-10-03T12:16:47+00:00\" \/>\n<meta property=\"og:image\" content=\"https:\/\/www.roomy.be\/wp-content\/uploads\/2021\/09\/Roomy-letters-paintaings.jpg\" \/>\n\t<meta property=\"og:image:width\" content=\"1600\" \/>\n\t<meta property=\"og:image:height\" content=\"1058\" \/>\n\t<meta property=\"og:image:type\" content=\"image\/jpeg\" \/>\n<meta name=\"twitter:card\" content=\"summary_large_image\" \/>\n<meta name=\"twitter:title\" content=\"Roomy, la colocation id\u00e9ale \u00e0 Bruxelles | Uccle - Anderlecht - Forest\" \/>\n<meta name=\"twitter:description\" content=\"ROOMY, c\u2019est la colocation id\u00e9ale du jeune Bruxellois. Elle rime avec confort, intimit\u00e9, convivialit\u00e9 et services exceptionnels.\" \/>\n<meta name=\"twitter:label1\" content=\"Dur\u00e9e de lecture estim\u00e9e\" \/>\n\t<meta name=\"twitter:data1\" content=\"2 minutes\" \/>\n<script type=\"application\/ld+json\" class=\"yoast-schema-graph\">{\"@context\":\"https:\/\/schema.org\",\"@graph\":[{\"@type\":\"WebPage\",\"@id\":\"https:\/\/www.roomy.be\/fr\/\",\"url\":\"https:\/\/www.roomy.be\/fr\/\",\"name\":\"Roomy, votre colocation id\u00e9ale \u00e0 Bruxelles | Uccle - Anderlecht - Forest\",\"isPartOf\":{\"@id\":\"https:\/\/www.roomy.be\/fr\/#website\"},\"primaryImageOfPage\":{\"@id\":\"https:\/\/www.roomy.be\/fr\/#primaryimage\"},\"image\":{\"@id\":\"https:\/\/www.roomy.be\/fr\/#primaryimage\"},\"thumbnailUrl\":\"https:\/\/www.roomy.be\/wp-content\/uploads\/2021\/09\/Roomy-letters-paintaings.jpg\",\"datePublished\":\"2016-07-11T06:40:45+00:00\",\"dateModified\":\"2023-10-03T12:16:47+00:00\",\"description\":\"ROOMY, c\u2019est la colocation id\u00e9ale du jeune Bruxellois. Elle rime avec confort, intimit\u00e9, convivialit\u00e9 et services exceptionnels.\",\"breadcrumb\":{\"@id\":\"https:\/\/www.roomy.be\/fr\/#breadcrumb\"},\"inLanguage\":\"fr-FR\",\"potentialAction\":[{\"@type\":\"ReadAction\",\"target\":[\"https:\/\/www.roomy.be\/fr\/\"]}]},{\"@type\":\"ImageObject\",\"inLanguage\":\"fr-FR\",\"@id\":\"https:\/\/www.roomy.be\/fr\/#primaryimage\",\"url\":\"https:\/\/www.roomy.be\/wp-content\/uploads\/2021\/09\/Roomy-letters-paintaings.jpg\",\"contentUrl\":\"https:\/\/www.roomy.be\/wp-content\/uploads\/2021\/09\/Roomy-letters-paintaings.jpg\",\"width\":1600,\"height\":1058,\"caption\":\"Roomy maisons partag\u00e9es colocation logement partag\u00e9 Bruxelles Moli\u00e8re Uccle\"},{\"@type\":\"BreadcrumbList\",\"@id\":\"https:\/\/www.roomy.be\/fr\/#breadcrumb\",\"itemListElement\":[{\"@type\":\"ListItem\",\"position\":1,\"name\":\"Accueil\",\"item\":\"https:\/\/www.roomy.be\/fr\/\"},{\"@type\":\"ListItem\",\"position\":2,\"name\":\"Accueil\"}]},{\"@type\":\"WebSite\",\"@id\":\"https:\/\/www.roomy.be\/fr\/#website\",\"url\":\"https:\/\/www.roomy.be\/fr\/\",\"name\":\"Roomy\",\"description\":\"Cosy co-living\",\"publisher\":{\"@id\":\"https:\/\/www.roomy.be\/fr\/#organization\"},\"potentialAction\":[{\"@type\":\"SearchAction\",\"target\":{\"@type\":\"EntryPoint\",\"urlTemplate\":\"https:\/\/www.roomy.be\/fr\/?s={search_term_string}\"},\"query-input\":{\"@type\":\"PropertyValueSpecification\",\"valueRequired\":true,\"valueName\":\"search_term_string\"}}],\"inLanguage\":\"fr-FR\"},{\"@type\":\"Organization\",\"@id\":\"https:\/\/www.roomy.be\/fr\/#organization\",\"name\":\"Roomy sprl\",\"url\":\"https:\/\/www.roomy.be\/fr\/\",\"logo\":{\"@type\":\"ImageObject\",\"inLanguage\":\"fr-FR\",\"@id\":\"https:\/\/www.roomy.be\/fr\/#\/schema\/logo\/image\/\",\"url\":\"\",\"contentUrl\":\"\",\"caption\":\"Roomy sprl\"},\"image\":{\"@id\":\"https:\/\/www.roomy.be\/fr\/#\/schema\/logo\/image\/\"},\"sameAs\":[\"https:\/\/www.facebook.com\/cosycoliving\/\",\"https:\/\/www.instagram.com\/roomy_cosycoliving\/\"]}]}<\/script>\n<!-- \/ Yoast SEO Premium plugin. -->","yoast_head_json":{"title":"Roomy, votre colocation id\u00e9ale \u00e0 Bruxelles | Uccle - Anderlecht - Forest","description":"ROOMY, c\u2019est la colocation id\u00e9ale du jeune Bruxellois. Elle rime avec confort, intimit\u00e9, convivialit\u00e9 et services exceptionnels.","robots":{"index":"index","follow":"follow","max-snippet":"max-snippet:-1","max-image-preview":"max-image-preview:large","max-video-preview":"max-video-preview:-1"},"canonical":"https:\/\/www.roomy.be\/fr\/","og_locale":"fr_FR","og_type":"article","og_title":"Roomy, la colocation id\u00e9ale \u00e0 Bruxelles | Uccle - Anderlecht - Forest","og_description":"ROOMY, c\u2019est la colocation id\u00e9ale du jeune Bruxellois. Elle rime avec confort, intimit\u00e9, convivialit\u00e9 et services exceptionnels.","og_url":"https:\/\/www.roomy.be\/fr\/","og_site_name":"Roomy","article_publisher":"https:\/\/www.facebook.com\/cosycoliving\/","article_modified_time":"2023-10-03T12:16:47+00:00","og_image":[{"width":1600,"height":1058,"url":"https:\/\/www.roomy.be\/wp-content\/uploads\/2021\/09\/Roomy-letters-paintaings.jpg","type":"image\/jpeg"}],"twitter_card":"summary_large_image","twitter_title":"Roomy, la colocation id\u00e9ale \u00e0 Bruxelles | Uccle - Anderlecht - Forest","twitter_description":"ROOMY, c\u2019est la colocation id\u00e9ale du jeune Bruxellois. Elle rime avec confort, intimit\u00e9, convivialit\u00e9 et services exceptionnels.","twitter_misc":{"Dur\u00e9e de lecture estim\u00e9e":"2 minutes"},"schema":{"@context":"https:\/\/schema.org","@graph":[{"@type":"WebPage","@id":"https:\/\/www.roomy.be\/fr\/","url":"https:\/\/www.roomy.be\/fr\/","name":"Roomy, votre colocation id\u00e9ale \u00e0 Bruxelles | Uccle - Anderlecht - Forest","isPartOf":{"@id":"https:\/\/www.roomy.be\/fr\/#website"},"primaryImageOfPage":{"@id":"https:\/\/www.roomy.be\/fr\/#primaryimage"},"image":{"@id":"https:\/\/www.roomy.be\/fr\/#primaryimage"},"thumbnailUrl":"https:\/\/www.roomy.be\/wp-content\/uploads\/2021\/09\/Roomy-letters-paintaings.jpg","datePublished":"2016-07-11T06:40:45+00:00","dateModified":"2023-10-03T12:16:47+00:00","description":"ROOMY, c\u2019est la colocation id\u00e9ale du jeune Bruxellois. Elle rime avec confort, intimit\u00e9, convivialit\u00e9 et services exceptionnels.","breadcrumb":{"@id":"https:\/\/www.roomy.be\/fr\/#breadcrumb"},"inLanguage":"fr-FR","potentialAction":[{"@type":"ReadAction","target":["https:\/\/www.roomy.be\/fr\/"]}]},{"@type":"ImageObject","inLanguage":"fr-FR","@id":"https:\/\/www.roomy.be\/fr\/#primaryimage","url":"https:\/\/www.roomy.be\/wp-content\/uploads\/2021\/09\/Roomy-letters-paintaings.jpg","contentUrl":"https:\/\/www.roomy.be\/wp-content\/uploads\/2021\/09\/Roomy-letters-paintaings.jpg","width":1600,"height":1058,"caption":"Roomy maisons partag\u00e9es colocation logement partag\u00e9 Bruxelles Moli\u00e8re Uccle"},{"@type":"BreadcrumbList","@id":"https:\/\/www.roomy.be\/fr\/#breadcrumb","itemListElement":[{"@type":"ListItem","position":1,"name":"Accueil","item":"https:\/\/www.roomy.be\/fr\/"},{"@type":"ListItem","position":2,"name":"Accueil"}]},{"@type":"WebSite","@id":"https:\/\/www.roomy.be\/fr\/#website","url":"https:\/\/www.roomy.be\/fr\/","name":"Roomy","description":"Cosy co-living","publisher":{"@id":"https:\/\/www.roomy.be\/fr\/#organization"},"potentialAction":[{"@type":"SearchAction","target":{"@type":"EntryPoint","urlTemplate":"https:\/\/www.roomy.be\/fr\/?s={search_term_string}"},"query-input":{"@type":"PropertyValueSpecification","valueRequired":true,"valueName":"search_term_string"}}],"inLanguage":"fr-FR"},{"@type":"Organization","@id":"https:\/\/www.roomy.be\/fr\/#organization","name":"Roomy sprl","url":"https:\/\/www.roomy.be\/fr\/","logo":{"@type":"ImageObject","inLanguage":"fr-FR","@id":"https:\/\/www.roomy.be\/fr\/#\/schema\/logo\/image\/","url":"","contentUrl":"","caption":"Roomy sprl"},"image":{"@id":"https:\/\/www.roomy.be\/fr\/#\/schema\/logo\/image\/"},"sameAs":["https:\/\/www.facebook.com\/cosycoliving\/","https:\/\/www.instagram.com\/roomy_cosycoliving\/"]}]}},"_links":{"self":[{"href":"https:\/\/www.roomy.be\/fr\/wp-json\/wp\/v2\/pages\/10775","targetHints":{"allow":["GET"]}}],"collection":[{"href":"https:\/\/www.roomy.be\/fr\/wp-json\/wp\/v2\/pages"}],"about":[{"href":"https:\/\/www.roomy.be\/fr\/wp-json\/wp\/v2\/types\/page"}],"author":[{"embeddable":true,"href":"https:\/\/www.roomy.be\/fr\/wp-json\/wp\/v2\/users\/1"}],"replies":[{"embeddable":true,"href":"https:\/\/www.roomy.be\/fr\/wp-json\/wp\/v2\/comments?post=10775"}],"version-history":[{"count":34,"href":"https:\/\/www.roomy.be\/fr\/wp-json\/wp\/v2\/pages\/10775\/revisions"}],"predecessor-version":[{"id":21841,"href":"https:\/\/www.roomy.be\/fr\/wp-json\/wp\/v2\/pages\/10775\/revisions\/21841"}],"wp:featuredmedia":[{"embeddable":true,"href":"https:\/\/www.roomy.be\/fr\/wp-json\/wp\/v2\/media\/19603"}],"wp:attachment":[{"href":"https:\/\/www.roomy.be\/fr\/wp-json\/wp\/v2\/media?parent=10775"}],"curies":[{"name":"wp","href":"https:\/\/api.w.org\/{rel}","templated":true}]}}