{"id":14698,"date":"2016-10-10T04:55:16","date_gmt":"2016-10-10T04:55:16","guid":{"rendered":"http:\/\/wait.roomy.be\/contact-us-ii\/"},"modified":"2020-04-15T15:26:44","modified_gmt":"2020-04-15T13:26:44","slug":"contact","status":"publish","type":"page","link":"https:\/\/www.roomy.be\/fr\/contact\/","title":{"rendered":"Gardez le contact avec Roomy, votre bon plan de colocation sur Bruxelles !"},"content":{"rendered":"<div class=\"wpb-content-wrapper\"><p>[vc_row heading_color=\u00a0\u00bbprimary-3&Prime; padding_top_multiplier=\u00a0\u00bb3x\u00a0\u00bb padding_bottom_multiplier=\u00a0\u00bb3x\u00a0\u00bb][vc_column width=\u00a0\u00bb1\/6&Prime;][\/vc_column][vc_column width=\u00a0\u00bb2\/3&Prime;]<h2 class=\"grve-element grve-title grve-align-center grve-small-text\" style=\"\"><span>Gardez le contact avec Roomy, votre bon plan colocation sur Bruxelles<\/span><\/h2><h2 class=\"grve-element grve-title grve-align-center grve-h2 grve-custom-font-1\" style=\"\"><span>Contactez-nous via le formulaire ci-dessous ou via <a href=\"mailto:rent@roomy.be\">rent@roomy.be<\/a><span class=\"grve-title-line grve-bg-primary-1\" style=\"width: 50px;height: 2px;\"><\/span><\/span><\/h2><div class=\"grve-empty-space grve-height-1x\" style=\"\"><\/div>\n<div class=\"wpcf7 no-js\" id=\"wpcf7-f15853-o1\" lang=\"en-US\" dir=\"ltr\" data-wpcf7-id=\"15853\">\n<div class=\"screen-reader-response\"><p role=\"status\" aria-live=\"polite\" aria-atomic=\"true\"><\/p> <ul><\/ul><\/div>\n<form action=\"\/fr\/wp-json\/wp\/v2\/pages\/14698#wpcf7-f15853-o1\" method=\"post\" class=\"wpcf7-form init wpcf7-acceptance-as-validation\" aria-label=\"Contact form\" novalidate=\"novalidate\" data-status=\"init\">\n<fieldset class=\"hidden-fields-container\"><input type=\"hidden\" name=\"_wpcf7\" value=\"15853\" \/><input type=\"hidden\" name=\"_wpcf7_version\" value=\"6.1.3\" \/><input type=\"hidden\" name=\"_wpcf7_locale\" value=\"en_US\" \/><input type=\"hidden\" name=\"_wpcf7_unit_tag\" value=\"wpcf7-f15853-o1\" \/><input type=\"hidden\" name=\"_wpcf7_container_post\" value=\"0\" \/><input type=\"hidden\" name=\"_wpcf7_posted_data_hash\" value=\"\" \/><input type=\"hidden\" name=\"_wpcf7_recaptcha_response\" value=\"\" \/>\n<\/fieldset>\n<div class=\"grve-form grve-underline\">\n\t<div class=\"grve-fields-wrapper\">\n\t\t<div>\n\t\t\t<p><span class=\"wpcf7-form-control-wrap\" data-name=\"your-name\"><input size=\"40\" maxlength=\"400\" class=\"wpcf7-form-control wpcf7-text wpcf7-validates-as-required\" aria-required=\"true\" aria-invalid=\"false\" placeholder=\"Votre nom*\" value=\"\" type=\"text\" name=\"your-name\" \/><\/span>\n\t\t\t<\/p>\n\t\t<\/div>\n\t\t<div>\n\t\t\t<p><span class=\"wpcf7-form-control-wrap\" data-name=\"your-email\"><input size=\"40\" maxlength=\"400\" class=\"wpcf7-form-control wpcf7-email wpcf7-validates-as-required wpcf7-text wpcf7-validates-as-email\" aria-required=\"true\" aria-invalid=\"false\" placeholder=\"Votre email*\" value=\"\" type=\"email\" name=\"your-email\" \/><\/span>\n\t\t\t<\/p>\n\t\t<\/div>\n\t\t<div>\n\t\t\t<p><span class=\"wpcf7-form-control-wrap\" data-name=\"your-subject\"><input size=\"40\" maxlength=\"400\" class=\"wpcf7-form-control wpcf7-text\" aria-invalid=\"false\" placeholder=\"Sujet\" value=\"\" type=\"text\" name=\"your-subject\" \/><\/span>\n\t\t\t<\/p>\n\t\t<\/div>\n\t\t<div>\n\t\t\t<p><span class=\"wpcf7-form-control-wrap\" data-name=\"your-message\"><textarea cols=\"40\" rows=\"10\" maxlength=\"2000\" class=\"wpcf7-form-control wpcf7-textarea wpcf7-validates-as-required\" aria-required=\"true\" aria-invalid=\"false\" placeholder=\"Votre message*\" name=\"your-message\"><\/textarea><\/span>\n\t\t\t<\/p>\n\t\t<\/div>\n\t\t<div style=\"margin-bottom:30px;\">\n\t\t\t<p><span class=\"wpcf7-form-control-wrap\" data-name=\"acceptance-roomy\"><span class=\"wpcf7-form-control wpcf7-acceptance\"><span class=\"wpcf7-list-item\"><label><input type=\"checkbox\" name=\"acceptance-roomy\" value=\"1\" aria-invalid=\"false\" \/><span class=\"wpcf7-list-item-label\">J\u2019autorise Roomy \u00e0 traiter mes donn\u00e9es \u00e0 caract\u00e8re personnel. Consultez <a href=\"\/fr\/politique-confidentialite\" target=\"_blank\">ici<\/a> notre politique de confidentialit\u00e9.<\/span><\/label><\/span><\/span><\/span>\n\t\t\t<\/p>\n\t\t<\/div>\n\t\t<div class=\"grve-align-center\">\n\t\t\t<p><input class=\"wpcf7-form-control wpcf7-submit has-spinner\" type=\"submit\" value=\"Envoyer\" \/>\n\t\t\t<\/p>\n\t\t<\/div>\n\t<\/div>\n<\/div><div class=\"wpcf7-response-output\" aria-hidden=\"true\"><\/div>\n<\/form>\n<\/div>\n[\/vc_column][vc_column width=\u00a0\u00bb1\/6&Prime;][\/vc_column][\/vc_row]<\/p>\n<\/div>","protected":false},"excerpt":{"rendered":"<p>[vc_row heading_color=\u00a0\u00bbprimary-3&Prime; padding_top_multiplier=\u00a0\u00bb3x\u00a0\u00bb padding_bottom_multiplier=\u00a0\u00bb3x\u00a0\u00bb][vc_column width=\u00a0\u00bb1\/6&Prime;][\/vc_column][vc_column width=\u00a0\u00bb2\/3&Prime;][\/vc_column][vc_column width=\u00a0\u00bb1\/6&Prime;][\/vc_column][\/vc_row]<\/p>\n","protected":false},"author":1,"featured_media":0,"parent":0,"menu_order":0,"comment_status":"closed","ping_status":"closed","template":"","meta":{"inline_featured_image":false,"footnotes":""},"class_list":["post-14698","page","type-page","status-publish","hentry"],"yoast_head":"<!-- This site is optimized with the Yoast SEO Premium plugin v25.5 (Yoast SEO v26.3) - https:\/\/yoast.com\/wordpress\/plugins\/seo\/ -->\n<title>Gardez le contact avec Roomy, votre bon plan de colocation sur Bruxelles !<\/title>\n<meta name=\"description\" content=\"Une info ? Vous voulez conna\u00eetre les disponibilit\u00e9s de chambres de nos maisons ? Gardez le contact avec Roomy, votre bon plan de colocation sur Bruxelles.\" \/>\n<meta name=\"robots\" content=\"index, follow, max-snippet:-1, max-image-preview:large, max-video-preview:-1\" \/>\n<link rel=\"canonical\" href=\"https:\/\/www.roomy.be\/fr\/contact\/\" \/>\n<meta property=\"og:locale\" content=\"fr_FR\" \/>\n<meta property=\"og:type\" content=\"article\" \/>\n<meta property=\"og:title\" content=\"Gardez le contact avec Roomy, votre bon plan de colocation sur Bruxelles !\" \/>\n<meta property=\"og:url\" content=\"https:\/\/www.roomy.be\/fr\/contact\/\" \/>\n<meta property=\"og:site_name\" content=\"Roomy\" \/>\n<meta property=\"article:publisher\" content=\"https:\/\/www.facebook.com\/cosycoliving\/\" \/>\n<meta property=\"article:modified_time\" content=\"2020-04-15T13:26:44+00:00\" \/>\n<meta name=\"twitter:card\" content=\"summary_large_image\" \/>\n<script type=\"application\/ld+json\" class=\"yoast-schema-graph\">{\"@context\":\"https:\/\/schema.org\",\"@graph\":[{\"@type\":\"WebPage\",\"@id\":\"https:\/\/www.roomy.be\/fr\/contact\/\",\"url\":\"https:\/\/www.roomy.be\/fr\/contact\/\",\"name\":\"Gardez le contact avec Roomy, votre bon plan de colocation sur Bruxelles !\",\"isPartOf\":{\"@id\":\"https:\/\/www.roomy.be\/fr\/#website\"},\"datePublished\":\"2016-10-10T04:55:16+00:00\",\"dateModified\":\"2020-04-15T13:26:44+00:00\",\"description\":\"Une info ? Vous voulez conna\u00eetre les disponibilit\u00e9s de chambres de nos maisons ? Gardez le contact avec Roomy, votre bon plan de colocation sur Bruxelles.\",\"breadcrumb\":{\"@id\":\"https:\/\/www.roomy.be\/fr\/contact\/#breadcrumb\"},\"inLanguage\":\"fr-FR\",\"potentialAction\":[{\"@type\":\"ReadAction\",\"target\":[\"https:\/\/www.roomy.be\/fr\/contact\/\"]}]},{\"@type\":\"BreadcrumbList\",\"@id\":\"https:\/\/www.roomy.be\/fr\/contact\/#breadcrumb\",\"itemListElement\":[{\"@type\":\"ListItem\",\"position\":1,\"name\":\"Accueil\",\"item\":\"https:\/\/www.roomy.be\/fr\/\"},{\"@type\":\"ListItem\",\"position\":2,\"name\":\"Gardez le contact avec Roomy, votre bon plan de colocation sur Bruxelles !\"}]},{\"@type\":\"WebSite\",\"@id\":\"https:\/\/www.roomy.be\/fr\/#website\",\"url\":\"https:\/\/www.roomy.be\/fr\/\",\"name\":\"Roomy\",\"description\":\"Cosy co-living\",\"publisher\":{\"@id\":\"https:\/\/www.roomy.be\/fr\/#organization\"},\"potentialAction\":[{\"@type\":\"SearchAction\",\"target\":{\"@type\":\"EntryPoint\",\"urlTemplate\":\"https:\/\/www.roomy.be\/fr\/?s={search_term_string}\"},\"query-input\":{\"@type\":\"PropertyValueSpecification\",\"valueRequired\":true,\"valueName\":\"search_term_string\"}}],\"inLanguage\":\"fr-FR\"},{\"@type\":\"Organization\",\"@id\":\"https:\/\/www.roomy.be\/fr\/#organization\",\"name\":\"Roomy sprl\",\"url\":\"https:\/\/www.roomy.be\/fr\/\",\"logo\":{\"@type\":\"ImageObject\",\"inLanguage\":\"fr-FR\",\"@id\":\"https:\/\/www.roomy.be\/fr\/#\/schema\/logo\/image\/\",\"url\":\"\",\"contentUrl\":\"\",\"caption\":\"Roomy sprl\"},\"image\":{\"@id\":\"https:\/\/www.roomy.be\/fr\/#\/schema\/logo\/image\/\"},\"sameAs\":[\"https:\/\/www.facebook.com\/cosycoliving\/\",\"https:\/\/www.instagram.com\/roomy_cosycoliving\/\"]}]}<\/script>\n<!-- \/ Yoast SEO Premium plugin. -->","yoast_head_json":{"title":"Gardez le contact avec Roomy, votre bon plan de colocation sur Bruxelles !","description":"Une info ? Vous voulez conna\u00eetre les disponibilit\u00e9s de chambres de nos maisons ? Gardez le contact avec Roomy, votre bon plan de colocation sur Bruxelles.","robots":{"index":"index","follow":"follow","max-snippet":"max-snippet:-1","max-image-preview":"max-image-preview:large","max-video-preview":"max-video-preview:-1"},"canonical":"https:\/\/www.roomy.be\/fr\/contact\/","og_locale":"fr_FR","og_type":"article","og_title":"Gardez le contact avec Roomy, votre bon plan de colocation sur Bruxelles !","og_url":"https:\/\/www.roomy.be\/fr\/contact\/","og_site_name":"Roomy","article_publisher":"https:\/\/www.facebook.com\/cosycoliving\/","article_modified_time":"2020-04-15T13:26:44+00:00","twitter_card":"summary_large_image","schema":{"@context":"https:\/\/schema.org","@graph":[{"@type":"WebPage","@id":"https:\/\/www.roomy.be\/fr\/contact\/","url":"https:\/\/www.roomy.be\/fr\/contact\/","name":"Gardez le contact avec Roomy, votre bon plan de colocation sur Bruxelles !","isPartOf":{"@id":"https:\/\/www.roomy.be\/fr\/#website"},"datePublished":"2016-10-10T04:55:16+00:00","dateModified":"2020-04-15T13:26:44+00:00","description":"Une info ? Vous voulez conna\u00eetre les disponibilit\u00e9s de chambres de nos maisons ? Gardez le contact avec Roomy, votre bon plan de colocation sur Bruxelles.","breadcrumb":{"@id":"https:\/\/www.roomy.be\/fr\/contact\/#breadcrumb"},"inLanguage":"fr-FR","potentialAction":[{"@type":"ReadAction","target":["https:\/\/www.roomy.be\/fr\/contact\/"]}]},{"@type":"BreadcrumbList","@id":"https:\/\/www.roomy.be\/fr\/contact\/#breadcrumb","itemListElement":[{"@type":"ListItem","position":1,"name":"Accueil","item":"https:\/\/www.roomy.be\/fr\/"},{"@type":"ListItem","position":2,"name":"Gardez le contact avec Roomy, votre bon plan de colocation sur Bruxelles !"}]},{"@type":"WebSite","@id":"https:\/\/www.roomy.be\/fr\/#website","url":"https:\/\/www.roomy.be\/fr\/","name":"Roomy","description":"Cosy co-living","publisher":{"@id":"https:\/\/www.roomy.be\/fr\/#organization"},"potentialAction":[{"@type":"SearchAction","target":{"@type":"EntryPoint","urlTemplate":"https:\/\/www.roomy.be\/fr\/?s={search_term_string}"},"query-input":{"@type":"PropertyValueSpecification","valueRequired":true,"valueName":"search_term_string"}}],"inLanguage":"fr-FR"},{"@type":"Organization","@id":"https:\/\/www.roomy.be\/fr\/#organization","name":"Roomy sprl","url":"https:\/\/www.roomy.be\/fr\/","logo":{"@type":"ImageObject","inLanguage":"fr-FR","@id":"https:\/\/www.roomy.be\/fr\/#\/schema\/logo\/image\/","url":"","contentUrl":"","caption":"Roomy sprl"},"image":{"@id":"https:\/\/www.roomy.be\/fr\/#\/schema\/logo\/image\/"},"sameAs":["https:\/\/www.facebook.com\/cosycoliving\/","https:\/\/www.instagram.com\/roomy_cosycoliving\/"]}]}},"_links":{"self":[{"href":"https:\/\/www.roomy.be\/fr\/wp-json\/wp\/v2\/pages\/14698","targetHints":{"allow":["GET"]}}],"collection":[{"href":"https:\/\/www.roomy.be\/fr\/wp-json\/wp\/v2\/pages"}],"about":[{"href":"https:\/\/www.roomy.be\/fr\/wp-json\/wp\/v2\/types\/page"}],"author":[{"embeddable":true,"href":"https:\/\/www.roomy.be\/fr\/wp-json\/wp\/v2\/users\/1"}],"replies":[{"embeddable":true,"href":"https:\/\/www.roomy.be\/fr\/wp-json\/wp\/v2\/comments?post=14698"}],"version-history":[{"count":10,"href":"https:\/\/www.roomy.be\/fr\/wp-json\/wp\/v2\/pages\/14698\/revisions"}],"predecessor-version":[{"id":17758,"href":"https:\/\/www.roomy.be\/fr\/wp-json\/wp\/v2\/pages\/14698\/revisions\/17758"}],"wp:attachment":[{"href":"https:\/\/www.roomy.be\/fr\/wp-json\/wp\/v2\/media?parent=14698"}],"curies":[{"name":"wp","href":"https:\/\/api.w.org\/{rel}","templated":true}]}}