{"id":16076,"date":"2018-07-07T15:59:19","date_gmt":"2018-07-07T13:59:19","guid":{"rendered":"http:\/\/wait.roomy.be\/?page_id=16076"},"modified":"2022-12-12T10:10:44","modified_gmt":"2022-12-12T09:10:44","slug":"tarifs","status":"publish","type":"page","link":"https:\/\/www.roomy.be\/fr\/tarifs\/","title":{"rendered":"Tarifs"},"content":{"rendered":"<div class=\"wpb-content-wrapper\"><p>[vc_row padding_top_multiplier=\u00a0\u00bb3x\u00a0\u00bb padding_bottom_multiplier=\u00a0\u00bb\u00a0\u00bb margin_bottom=\u00a0\u00bb0px\u00a0\u00bb][vc_column width=\u00a0\u00bb5\/12&Prime; tablet_sm_width=\u00a0\u00bb1&Prime; heading_color=\u00a0\u00bbprimary-1&Prime; z_index=\u00a0\u00bb3&Prime;]<div class=\"grve-empty-space grve-height-1x\" style=\"\"><\/div><h1 class=\"grve-element grve-title grve-align-left grve-colored-clipping-left grve-colored-clipping grve-clipping-animation grve-h1 grve-increase-heading grve-heading-160\" style=\"margin-bottom: 0px;\" data-clipping-color=\"primary-1\" data-delay=\"500\"><span>La philosophie ROOMY ?<\/span><\/h1><div class=\"grve-empty-space grve-height-1x\" style=\"\"><\/div>[vc_column_text]Offrir des chambres de tr\u00e8s grand confort, enti\u00e8rement am\u00e9nag\u00e9es, dans de superbes maisons bruxelloises avec une panoplie de services\u2026 pour faire de chaque maison ROOMY un havre de paix. Les prix sont calcul\u00e9s au plus juste pour les rendre accessibles \u00e0 tous. Selon la chambre, le nombre d&rsquo;occupants et les maisons, les loyers varient de 430 \u00e0 740\u20ac par mois, avec un forfait de charges mensuelles de 125\u20ac, <strong>tout compris<\/strong>.[\/vc_column_text]<div class=\"grve-empty-space grve-height-1x\" style=\"\"><\/div><div class=\"grve-element grve-align-left grve-animated-item grve-fade-in-up grve-duration-very-slow\" data-delay=\"2200\"><a href=\"mailto:info@roomy.be\" class=\"grve-btn grve-btn-medium grve-extra-round grve-bg-primary-2 grve-bg-hover-primary-1\"><span><i class=\"smp-icon-envelope\"><\/i>Contactez-nous<\/span><\/a><\/div><div class=\"grve-empty-space grve-height-1x\" style=\"\"><\/div>[\/vc_column][vc_column width=\u00a0\u00bb7\/12&Prime; tablet_sm_width=\u00a0\u00bb1&Prime;]<div class=\"grve-element grve-image grve-clipping-right grve-clipping-animation grve-align-right grve-full-image grve-image-space-100\" style=\"\" data-delay=\"200\">  <div class=\"grve-image-wrapper\"><img decoding=\"async\" width=\"768\" height=\"512\" src=\"https:\/\/www.roomy.be\/wp-content\/uploads\/2019\/07\/20190716_Utopix_Immo_Roomy_Seyers-Leo_51-768x512.jpg\" class=\"attachment-medium_large size-medium_large\" alt=\"Salon living maison Roomy Bruxelles\" srcset=\"https:\/\/www.roomy.be\/wp-content\/uploads\/2019\/07\/20190716_Utopix_Immo_Roomy_Seyers-Leo_51-768x512.jpg 768w, https:\/\/www.roomy.be\/wp-content\/uploads\/2019\/07\/20190716_Utopix_Immo_Roomy_Seyers-Leo_51-300x200.jpg 300w, https:\/\/www.roomy.be\/wp-content\/uploads\/2019\/07\/20190716_Utopix_Immo_Roomy_Seyers-Leo_51-1024x683.jpg 1024w, https:\/\/www.roomy.be\/wp-content\/uploads\/2019\/07\/20190716_Utopix_Immo_Roomy_Seyers-Leo_51.jpg 1800w\" sizes=\"(max-width: 768px) 100vw, 768px\" \/>   <\/div><\/div>[\/vc_column][\/vc_row][vc_row padding_bottom_multiplier=\u00a0\u00bb3x\u00a0\u00bb][vc_column]<div class=\"grve-empty-space grve-height-1x\" style=\"\"><\/div><h2 class=\"grve-element grve-title grve-align-left grve-colored-clipping-right grve-colored-clipping grve-clipping-animation grve-h2\" style=\"margin-bottom: 0px;\" data-clipping-color=\"primary-3\" data-delay=\"500\"><span>Des charges all-inclusive:<span class=\"grve-title-line grve-bg-primary-1\" style=\"width: 90px;height: 2px;\"><\/span><\/span><\/h2><div class=\"grve-empty-space grve-height-2x\" style=\"\"><\/div>[vc_row_inner css=\u00a0\u00bb.vc_custom_1534067284682{margin-bottom: 0px !important;}\u00a0\u00bb][vc_column_inner width=\u00a0\u00bb1\/3&Prime;]<h3 class=\"grve-element grve-title grve-align-left grve-animated-item grve-duration-very-fast grve-fade-in-up grve-h3\" style=\"\" data-delay=\"600\"><span><span class=\"grve-text-primary-1\">01. <\/span>\u00c9nergie<\/span><\/h3>[vc_column_text animation=\u00a0\u00bbgrve-fade-in-up\u00a0\u00bb animation_delay=\u00a0\u00bb500&Prime; animation_duration=\u00a0\u00bbvery-fast\u00a0\u00bb]Eau, chauffage et \u00e9lectricit\u00e9 enti\u00e8rement inclus dans le forfait mensuel.[\/vc_column_text]<div class=\"grve-empty-space grve-height-1x\" style=\"\"><\/div>[\/vc_column_inner][vc_column_inner width=\u00a0\u00bb1\/3&Prime;]<h3 class=\"grve-element grve-title grve-align-left grve-animated-item grve-duration-very-fast grve-fade-in-up grve-h3\" style=\"\" data-delay=\"600\"><span><span class=\"grve-text-primary-1\">02. <\/span>Nettoyage<\/span><\/h3>[vc_column_text animation=\u00a0\u00bbgrve-fade-in-up\u00a0\u00bb animation_delay=\u00a0\u00bb600&Prime; animation_duration=\u00a0\u00bbvery-fast\u00a0\u00bb]Nettoyage des communs 1x par semaine et des espaces privatifs 2x par mois + fournitures communes de base (produits d\u2019entretien\u2026)[\/vc_column_text]<div class=\"grve-empty-space grve-height-1x\" style=\"\"><\/div>[\/vc_column_inner][vc_column_inner width=\u00a0\u00bb1\/3&Prime;]<h3 class=\"grve-element grve-title grve-align-left grve-animated-item grve-duration-very-fast grve-fade-in-up grve-h3\" style=\"\" data-delay=\"600\"><span><span class=\"grve-text-primary-1\">03. <\/span>Services internes<\/span><\/h3>[vc_column_text animation=\u00a0\u00bbgrve-fade-in-up\u00a0\u00bb animation_delay=\u00a0\u00bb600&Prime; animation_duration=\u00a0\u00bbvery-fast\u00a0\u00bb]WIFI haut d\u00e9bit, buanderie avec lave-linge et s\u00e8che-linge, abonnement NETFLIX et DEEZER partag\u00e9s, coffre-fort dans chaque chambre, \u2026[\/vc_column_text]<div class=\"grve-empty-space grve-height-1x\" style=\"\"><\/div>[\/vc_column_inner][\/vc_row_inner]<div class=\"grve-empty-space grve-height-1x space\" style=\"\"><\/div>[vc_row_inner][vc_column_inner width=\u00a0\u00bb1\/3&Prime;]<h3 class=\"grve-element grve-title grve-align-left grve-animated-item grve-duration-very-fast grve-fade-in-up grve-h3\" style=\"\" data-delay=\"600\"><span><span class=\"grve-text-primary-1\">04. <\/span>Services externes<\/span><\/h3>[vc_column_text animation=\u00a0\u00bbgrve-fade-in-up\u00a0\u00bb animation_delay=\u00a0\u00bb600&Prime; animation_duration=\u00a0\u00bbvery-fast\u00a0\u00bb]Gestion de l&rsquo;immeuble assur\u00e9e par des professionnels. Quel que soit votre probl\u00e8me, un professionnel sera toujours \u00e0 votre \u00e9coute.[\/vc_column_text]<div class=\"grve-empty-space grve-height-1x\" style=\"\"><\/div>[\/vc_column_inner][vc_column_inner width=\u00a0\u00bb1\/3&Prime;]<h3 class=\"grve-element grve-title grve-align-left grve-animated-item grve-duration-very-fast grve-fade-in-up grve-h3\" style=\"\" data-delay=\"600\"><span><span class=\"grve-text-primary-1\">05. <\/span>Meubles et fournitures inclus<\/span><\/h3>[vc_column_text animation=\u00a0\u00bbgrve-fade-in-up\u00a0\u00bb animation_delay=\u00a0\u00bb600&Prime; animation_duration=\u00a0\u00bbvery-fast\u00a0\u00bb]Chaque chambre est enti\u00e8rement meubl\u00e9e et \u00e9quip\u00e9e avec grand lit (140 cm sauf exception), matelas de top qualit\u00e9, garde-robe hyper-pratique, bureau vintage, coffre-fort et aussi couette, oreiller, linge de lit, serviettes de bain et de toilette![\/vc_column_text]<div class=\"grve-empty-space grve-height-1x\" style=\"\"><\/div>[\/vc_column_inner][vc_column_inner width=\u00a0\u00bb1\/3&Prime;]<h3 class=\"grve-element grve-title grve-align-left grve-animated-item grve-duration-very-fast grve-fade-in-up grve-h3\" style=\"\" data-delay=\"600\"><span><span class=\"grve-text-primary-1\">06. <\/span>Assurance locataire<\/span><\/h3>[vc_column_text animation=\u00a0\u00bbgrve-fade-in-up\u00a0\u00bb animation_delay=\u00a0\u00bb600&Prime; animation_duration=\u00a0\u00bbvery-fast\u00a0\u00bb]Chaque maison ROOMY est assur\u00e9e. Votre forfait de charges est donc\u2026 assurance incendie et d\u00e9g\u00e2ts des eaux incluse ![\/vc_column_text][\/vc_column_inner][\/vc_row_inner][\/vc_column][\/vc_row][vc_row heading_color=\u00a0\u00bblight\u00a0\u00bb bg_type=\u00a0\u00bbcolor\u00a0\u00bb padding_top_multiplier=\u00a0\u00bb4x\u00a0\u00bb padding_bottom_multiplier=\u00a0\u00bb3x\u00a0\u00bb separator_top=\u00a0\u00bbtilt-left-separator\u00a0\u00bb font_color=\u00a0\u00bb#ffffff\u00a0\u00bb bg_color=\u00a0\u00bb#ffcc22&Prime;][vc_column]<div class=\"grve-element grve-align-center\"><a href=\"\/fr\/maisons\" class=\"grve-btn grve-btn-medium grve-extra-round grve-bg-white grve-bg-hover-primary-1\"><span><i class=\"fa fa-plus-circle\"><\/i>voir les maisons roomy<\/span><\/a><\/div>[\/vc_column][\/vc_row]<\/p>\n<\/div>","protected":false},"excerpt":{"rendered":"<p>[vc_row padding_top_multiplier=\u00a0\u00bb3x\u00a0\u00bb padding_bottom_multiplier=\u00a0\u00bb\u00a0\u00bb margin_bottom=\u00a0\u00bb0px\u00a0\u00bb][vc_column width=\u00a0\u00bb5\/12&Prime; tablet_sm_width=\u00a0\u00bb1&Prime; heading_color=\u00a0\u00bbprimary-1&Prime; z_index=\u00a0\u00bb3&Prime;][vc_column_text]Offrir des chambres de tr\u00e8s grand confort, enti\u00e8rement am\u00e9nag\u00e9es, dans de superbes maisons bruxelloises avec une panoplie de services\u2026 pour faire de chaque maison ROOMY un havre de paix. Les prix sont calcul\u00e9s au plus juste pour les rendre accessibles \u00e0 tous. Selon la chambre, le nombre d&rsquo;occupants [&hellip;]<\/p>\n","protected":false},"author":1,"featured_media":0,"parent":0,"menu_order":0,"comment_status":"closed","ping_status":"closed","template":"","meta":{"inline_featured_image":false,"footnotes":""},"class_list":["post-16076","page","type-page","status-publish","hentry"],"yoast_head":"<!-- This site is optimized with the Yoast SEO Premium plugin v25.5 (Yoast SEO v26.3) - https:\/\/yoast.com\/wordpress\/plugins\/seo\/ -->\n<title>Tarifs - Roomy<\/title>\n<meta name=\"description\" content=\"Les tarifs Roomy se veulent accessibles \u00e0 tous afin d&#039;offrir des chambres de tr\u00e8s grand confort sur Bruxelles avec une panoplie de services.\" \/>\n<meta name=\"robots\" content=\"index, follow, max-snippet:-1, max-image-preview:large, max-video-preview:-1\" \/>\n<link rel=\"canonical\" href=\"https:\/\/www.roomy.be\/fr\/tarifs\/\" \/>\n<meta property=\"og:locale\" content=\"fr_FR\" \/>\n<meta property=\"og:type\" content=\"article\" \/>\n<meta property=\"og:title\" content=\"Tarifs\" \/>\n<meta property=\"og:description\" content=\"Offrir des chambres de tr\u00e8s grand confort, enti\u00e8rement am\u00e9nag\u00e9es, dans de superbes maisons bruxelloises avec une panoplie de services\u2026 pour faire de\" \/>\n<meta property=\"og:url\" content=\"https:\/\/www.roomy.be\/fr\/tarifs\/\" \/>\n<meta property=\"og:site_name\" content=\"Roomy\" \/>\n<meta property=\"article:publisher\" content=\"https:\/\/www.facebook.com\/cosycoliving\/\" \/>\n<meta property=\"article:modified_time\" content=\"2022-12-12T09:10:44+00:00\" \/>\n<meta name=\"twitter:card\" content=\"summary_large_image\" \/>\n<meta name=\"twitter:label1\" content=\"Dur\u00e9e de lecture estim\u00e9e\" \/>\n\t<meta name=\"twitter:data1\" content=\"2 minutes\" \/>\n<script type=\"application\/ld+json\" class=\"yoast-schema-graph\">{\"@context\":\"https:\/\/schema.org\",\"@graph\":[{\"@type\":\"WebPage\",\"@id\":\"https:\/\/www.roomy.be\/fr\/tarifs\/\",\"url\":\"https:\/\/www.roomy.be\/fr\/tarifs\/\",\"name\":\"Tarifs - Roomy\",\"isPartOf\":{\"@id\":\"https:\/\/www.roomy.be\/fr\/#website\"},\"datePublished\":\"2018-07-07T13:59:19+00:00\",\"dateModified\":\"2022-12-12T09:10:44+00:00\",\"description\":\"Les tarifs Roomy se veulent accessibles \u00e0 tous afin d'offrir des chambres de tr\u00e8s grand confort sur Bruxelles avec une panoplie de services.\",\"breadcrumb\":{\"@id\":\"https:\/\/www.roomy.be\/fr\/tarifs\/#breadcrumb\"},\"inLanguage\":\"fr-FR\",\"potentialAction\":[{\"@type\":\"ReadAction\",\"target\":[\"https:\/\/www.roomy.be\/fr\/tarifs\/\"]}]},{\"@type\":\"BreadcrumbList\",\"@id\":\"https:\/\/www.roomy.be\/fr\/tarifs\/#breadcrumb\",\"itemListElement\":[{\"@type\":\"ListItem\",\"position\":1,\"name\":\"Accueil\",\"item\":\"https:\/\/www.roomy.be\/fr\/\"},{\"@type\":\"ListItem\",\"position\":2,\"name\":\"Tarifs\"}]},{\"@type\":\"WebSite\",\"@id\":\"https:\/\/www.roomy.be\/fr\/#website\",\"url\":\"https:\/\/www.roomy.be\/fr\/\",\"name\":\"Roomy\",\"description\":\"Cosy co-living\",\"publisher\":{\"@id\":\"https:\/\/www.roomy.be\/fr\/#organization\"},\"potentialAction\":[{\"@type\":\"SearchAction\",\"target\":{\"@type\":\"EntryPoint\",\"urlTemplate\":\"https:\/\/www.roomy.be\/fr\/?s={search_term_string}\"},\"query-input\":{\"@type\":\"PropertyValueSpecification\",\"valueRequired\":true,\"valueName\":\"search_term_string\"}}],\"inLanguage\":\"fr-FR\"},{\"@type\":\"Organization\",\"@id\":\"https:\/\/www.roomy.be\/fr\/#organization\",\"name\":\"Roomy sprl\",\"url\":\"https:\/\/www.roomy.be\/fr\/\",\"logo\":{\"@type\":\"ImageObject\",\"inLanguage\":\"fr-FR\",\"@id\":\"https:\/\/www.roomy.be\/fr\/#\/schema\/logo\/image\/\",\"url\":\"\",\"contentUrl\":\"\",\"caption\":\"Roomy sprl\"},\"image\":{\"@id\":\"https:\/\/www.roomy.be\/fr\/#\/schema\/logo\/image\/\"},\"sameAs\":[\"https:\/\/www.facebook.com\/cosycoliving\/\",\"https:\/\/www.instagram.com\/roomy_cosycoliving\/\"]}]}<\/script>\n<!-- \/ Yoast SEO Premium plugin. -->","yoast_head_json":{"title":"Tarifs - Roomy","description":"Les tarifs Roomy se veulent accessibles \u00e0 tous afin d'offrir des chambres de tr\u00e8s grand confort sur Bruxelles avec une panoplie de services.","robots":{"index":"index","follow":"follow","max-snippet":"max-snippet:-1","max-image-preview":"max-image-preview:large","max-video-preview":"max-video-preview:-1"},"canonical":"https:\/\/www.roomy.be\/fr\/tarifs\/","og_locale":"fr_FR","og_type":"article","og_title":"Tarifs","og_description":"Offrir des chambres de tr\u00e8s grand confort, enti\u00e8rement am\u00e9nag\u00e9es, dans de superbes maisons bruxelloises avec une panoplie de services\u2026 pour faire de","og_url":"https:\/\/www.roomy.be\/fr\/tarifs\/","og_site_name":"Roomy","article_publisher":"https:\/\/www.facebook.com\/cosycoliving\/","article_modified_time":"2022-12-12T09:10:44+00:00","twitter_card":"summary_large_image","twitter_misc":{"Dur\u00e9e de lecture estim\u00e9e":"2 minutes"},"schema":{"@context":"https:\/\/schema.org","@graph":[{"@type":"WebPage","@id":"https:\/\/www.roomy.be\/fr\/tarifs\/","url":"https:\/\/www.roomy.be\/fr\/tarifs\/","name":"Tarifs - Roomy","isPartOf":{"@id":"https:\/\/www.roomy.be\/fr\/#website"},"datePublished":"2018-07-07T13:59:19+00:00","dateModified":"2022-12-12T09:10:44+00:00","description":"Les tarifs Roomy se veulent accessibles \u00e0 tous afin d'offrir des chambres de tr\u00e8s grand confort sur Bruxelles avec une panoplie de services.","breadcrumb":{"@id":"https:\/\/www.roomy.be\/fr\/tarifs\/#breadcrumb"},"inLanguage":"fr-FR","potentialAction":[{"@type":"ReadAction","target":["https:\/\/www.roomy.be\/fr\/tarifs\/"]}]},{"@type":"BreadcrumbList","@id":"https:\/\/www.roomy.be\/fr\/tarifs\/#breadcrumb","itemListElement":[{"@type":"ListItem","position":1,"name":"Accueil","item":"https:\/\/www.roomy.be\/fr\/"},{"@type":"ListItem","position":2,"name":"Tarifs"}]},{"@type":"WebSite","@id":"https:\/\/www.roomy.be\/fr\/#website","url":"https:\/\/www.roomy.be\/fr\/","name":"Roomy","description":"Cosy co-living","publisher":{"@id":"https:\/\/www.roomy.be\/fr\/#organization"},"potentialAction":[{"@type":"SearchAction","target":{"@type":"EntryPoint","urlTemplate":"https:\/\/www.roomy.be\/fr\/?s={search_term_string}"},"query-input":{"@type":"PropertyValueSpecification","valueRequired":true,"valueName":"search_term_string"}}],"inLanguage":"fr-FR"},{"@type":"Organization","@id":"https:\/\/www.roomy.be\/fr\/#organization","name":"Roomy sprl","url":"https:\/\/www.roomy.be\/fr\/","logo":{"@type":"ImageObject","inLanguage":"fr-FR","@id":"https:\/\/www.roomy.be\/fr\/#\/schema\/logo\/image\/","url":"","contentUrl":"","caption":"Roomy sprl"},"image":{"@id":"https:\/\/www.roomy.be\/fr\/#\/schema\/logo\/image\/"},"sameAs":["https:\/\/www.facebook.com\/cosycoliving\/","https:\/\/www.instagram.com\/roomy_cosycoliving\/"]}]}},"_links":{"self":[{"href":"https:\/\/www.roomy.be\/fr\/wp-json\/wp\/v2\/pages\/16076","targetHints":{"allow":["GET"]}}],"collection":[{"href":"https:\/\/www.roomy.be\/fr\/wp-json\/wp\/v2\/pages"}],"about":[{"href":"https:\/\/www.roomy.be\/fr\/wp-json\/wp\/v2\/types\/page"}],"author":[{"embeddable":true,"href":"https:\/\/www.roomy.be\/fr\/wp-json\/wp\/v2\/users\/1"}],"replies":[{"embeddable":true,"href":"https:\/\/www.roomy.be\/fr\/wp-json\/wp\/v2\/comments?post=16076"}],"version-history":[{"count":67,"href":"https:\/\/www.roomy.be\/fr\/wp-json\/wp\/v2\/pages\/16076\/revisions"}],"predecessor-version":[{"id":21845,"href":"https:\/\/www.roomy.be\/fr\/wp-json\/wp\/v2\/pages\/16076\/revisions\/21845"}],"wp:attachment":[{"href":"https:\/\/www.roomy.be\/fr\/wp-json\/wp\/v2\/media?parent=16076"}],"curies":[{"name":"wp","href":"https:\/\/api.w.org\/{rel}","templated":true}]}}